{"id":27,"date":"2026-03-02T14:23:14","date_gmt":"2026-03-02T14:23:14","guid":{"rendered":"http:\/\/karls-security.com\/web\/?page_id=27"},"modified":"2026-03-02T16:59:09","modified_gmt":"2026-03-02T16:59:09","slug":"impressum","status":"publish","type":"page","link":"https:\/\/karls-security.com\/web\/impressum\/","title":{"rendered":"Impressum"},"content":{"rendered":"\n<h2 class=\"wp-block-heading\">Angaben gem\u00e4\u00df \u00a7 5 TMG<\/h2>\n\n\n\n<p><strong>Karls Security<\/strong><br>Alexander Karls<br>Hermann-K\u00f6hl-Stra\u00dfe 4b<br>93049 Regensburg<br>Deutschland<\/p>\n\n\n\n<p>Telefon: +49 151 11161589<br>E-Mail: <a>kontakt@karls-security.com<\/a><br>Website: <a href=\"https:\/\/karls-security.com\">https:\/\/karls-security.com<\/a><\/p>\n\n\n\n<hr class=\"wp-block-separator has-alpha-channel-opacity\"\/>\n\n\n\n<h2 class=\"wp-block-heading\">Verantwortlich f\u00fcr den Inhalt nach \u00a7 18 Abs. 2 MStV<\/h2>\n\n\n\n<p>Alexander Karls<br>Hermann-K\u00f6hl-Stra\u00dfe 4b<br>93049 Regensburg<br>Deutschland<\/p>\n\n\n\n<hr class=\"wp-block-separator has-alpha-channel-opacity\"\/>\n\n\n\n<h2 class=\"wp-block-heading\">EU-Streitschlichtung<\/h2>\n\n\n\n<p>Die Europ\u00e4ische Kommission stellt eine Plattform zur Online-Streitbeilegung (OS) bereit:<br><a>https:\/\/ec.europa.eu\/consumers\/odr\/<\/a><\/p>\n\n\n\n<p>Wir sind nicht verpflichtet und nicht bereit, an Streitbeilegungsverfahren vor einer Verbraucherschlichtungsstelle teilzunehmen.<\/p>\n\n\n\n<hr class=\"wp-block-separator has-alpha-channel-opacity\"\/>\n\n\n\n<h2 class=\"wp-block-heading\">Geltungsbereich<\/h2>\n\n\n\n<p>Dieses Impressum gilt auch f\u00fcr folgende Onlinepr\u00e4senzen:<\/p>\n\n\n\n<ul class=\"wp-block-list\">\n<li><a href=\"https:\/\/karls-security.com\">https:\/\/karls-security.com<\/a><\/li>\n<\/ul>\n\n\n\n<p><\/p>\n\n\n\n<p><\/p>\n","protected":false},"excerpt":{"rendered":"<p>Angaben gem\u00e4\u00df \u00a7 5 TMG Karls SecurityAlexander KarlsHermann-K\u00f6hl-Stra\u00dfe 4b93049 RegensburgDeutschland Telefon: +49 151 11161589E-Mail: kontakt@karls-security.comWebsite: https:\/\/karls-security.com Verantwortlich f\u00fcr den Inhalt nach \u00a7 18 Abs. 2 MStV Alexander KarlsHermann-K\u00f6hl-Stra\u00dfe 4b93049 RegensburgDeutschland EU-Streitschlichtung Die Europ\u00e4ische Kommission stellt eine Plattform zur Online-Streitbeilegung (OS) bereit:https:\/\/ec.europa.eu\/consumers\/odr\/ Wir sind nicht verpflichtet und nicht bereit, an Streitbeilegungsverfahren vor einer Verbraucherschlichtungsstelle teilzunehmen. Geltungsbereich [&hellip;]<\/p>\n","protected":false},"author":1,"featured_media":0,"parent":0,"menu_order":0,"comment_status":"closed","ping_status":"closed","template":"","meta":{"footnotes":""},"class_list":["post-27","page","type-page","status-publish","hentry"],"_links":{"self":[{"href":"https:\/\/karls-security.com\/web\/wp-json\/wp\/v2\/pages\/27","targetHints":{"allow":["GET"]}}],"collection":[{"href":"https:\/\/karls-security.com\/web\/wp-json\/wp\/v2\/pages"}],"about":[{"href":"https:\/\/karls-security.com\/web\/wp-json\/wp\/v2\/types\/page"}],"author":[{"embeddable":true,"href":"https:\/\/karls-security.com\/web\/wp-json\/wp\/v2\/users\/1"}],"replies":[{"embeddable":true,"href":"https:\/\/karls-security.com\/web\/wp-json\/wp\/v2\/comments?post=27"}],"version-history":[{"count":2,"href":"https:\/\/karls-security.com\/web\/wp-json\/wp\/v2\/pages\/27\/revisions"}],"predecessor-version":[{"id":45,"href":"https:\/\/karls-security.com\/web\/wp-json\/wp\/v2\/pages\/27\/revisions\/45"}],"wp:attachment":[{"href":"https:\/\/karls-security.com\/web\/wp-json\/wp\/v2\/media?parent=27"}],"curies":[{"name":"wp","href":"https:\/\/api.w.org\/{rel}","templated":true}]}}